{"id":1387,"date":"2021-07-30T16:36:58","date_gmt":"2021-07-30T16:36:58","guid":{"rendered":"http:\/\/rugde.com\/?page_id=1387"},"modified":"2025-04-13T20:42:43","modified_gmt":"2025-04-13T20:42:43","slug":"about-us","status":"publish","type":"page","link":"https:\/\/rugde.com\/en\/about-us\/","title":{"rendered":"About Us"},"content":{"rendered":"<h2>About Us<\/h2>\n<p>Find the perfect area rugs for every room in your home at Ready Rugs, the nation's leading source for area rugs.<\/p>\n<p>Find the perfect area rugs for every room in your home at Ready Rugs, the nation's leading source for area rugs. Ready Rugs offers over 40,000 area rugs from the world's top weavers, manufacturers and importers at the best prices available anywhere - GUARANTEED! From the comfort of your home or office, you may easily search and shop for rugs by any combination of style, theme, color, size, shape, material, brand or price. And we'll deliver them directly to your home or office absolutely Free!* Ready Rugs offers a 150% price-match guarantee, so you're sure to get the best price possible on all your rugs &amp; carpets purchases. Plus we have a 30-day, risk-free, in-home trial on every rug to insure you can't make a mistake - or pay too much - when you buy from us. Ready Rugs is also your best one-stop source for great home-decorating ideas to complement your rugs.<\/p>\n<p style=\"text-align: left;\">If you have any questions or need assistance, please contact our Customer Service Department, +49-23113486079 or via e-mail at founder@readyrugsltd.com  our trained area-rug decorating specialists are ready to help Monday through Sunday from 9:30 a.m. to 6:30 p.m. Thanks you for shopping at Ready Rugs<br \/>*Free shipping on most orders, some restrictions apply.<\/p>\n<p>\t\t\t\t\t\t\t\t\t\t\t\t\t\t\t<img loading=\"lazy\" decoding=\"async\" width=\"500\" height=\"200\" src=\"http:\/\/rugde.com\/wp-content\/uploads\/2021\/07\/ready-rugs-logo-copy.png\" alt=\"\" srcset=\"http:\/\/rugde.com\/wp-content\/uploads\/2021\/07\/ready-rugs-logo-copy.png 500w, http:\/\/rugde.com\/wp-content\/uploads\/2021\/07\/ready-rugs-logo-copy-300x120.png 300w, http:\/\/rugde.com\/wp-content\/uploads\/2021\/07\/ready-rugs-logo-copy-18x7.png 18w\" sizes=\"auto, (max-width: 500px) 100vw, 500px\" \/>\t\t\t\t\t\t\t\t\t\t\t\t\t\t\t<\/p>\n<h3>\n\t\t\t\t\tFacebook<br \/>\n\t\t\t\t<\/h3>\n<p>Follow us on facebook page to  see our latest updates and designs<\/p>\n<h3>\n\t\t\t\t\tInstagram<br \/>\n\t\t\t\t<\/h3>\n<p>Follow us on Instagram page to  see our latest updates and designs<\/p>\n<h3>\n\t\t\t\t\tYouTube<br \/>\n\t\t\t\t<\/h3>\n<p>Sehen Sie sich weiterhin unsere Videos zu neuen Designs und Verwendungen an<\/p>","protected":false},"excerpt":{"rendered":"<p>\u00dcber uns Finden Sie die perfekten Teppiche f\u00fcr jeden Raum in Ihrem Zuhause bei Ready Rugs, der landesweit f\u00fchrenden Quelle f\u00fcr Teppiche. Finden Sie die perfekten Teppiche f\u00fcr jeden Raum in Ihrem Zuhause bei Ready Rugs, der landesweit f\u00fchrenden Quelle f\u00fcr Teppiche. Ready Rugs bietet \u00fcber 40.000 Teppiche von den besten Webern, Herstellern und Importeuren [&hellip;]<\/p>\n","protected":false},"author":1,"featured_media":0,"parent":0,"menu_order":0,"comment_status":"closed","ping_status":"closed","template":"","meta":{"footnotes":""},"class_list":["post-1387","page","type-page","status-publish","hentry"],"_links":{"self":[{"href":"https:\/\/rugde.com\/en\/wp-json\/wp\/v2\/pages\/1387","targetHints":{"allow":["GET"]}}],"collection":[{"href":"https:\/\/rugde.com\/en\/wp-json\/wp\/v2\/pages"}],"about":[{"href":"https:\/\/rugde.com\/en\/wp-json\/wp\/v2\/types\/page"}],"author":[{"embeddable":true,"href":"https:\/\/rugde.com\/en\/wp-json\/wp\/v2\/users\/1"}],"replies":[{"embeddable":true,"href":"https:\/\/rugde.com\/en\/wp-json\/wp\/v2\/comments?post=1387"}],"version-history":[{"count":7,"href":"https:\/\/rugde.com\/en\/wp-json\/wp\/v2\/pages\/1387\/revisions"}],"predecessor-version":[{"id":3667,"href":"https:\/\/rugde.com\/en\/wp-json\/wp\/v2\/pages\/1387\/revisions\/3667"}],"wp:attachment":[{"href":"https:\/\/rugde.com\/en\/wp-json\/wp\/v2\/media?parent=1387"}],"curies":[{"name":"wp","href":"https:\/\/api.w.org\/{rel}","templated":true}]}}